{"id":29,"date":"2017-04-10T13:43:51","date_gmt":"2017-04-10T11:43:51","guid":{"rendered":"http:\/\/www.neutor-express.com\/?page_id=29"},"modified":"2023-06-02T07:33:32","modified_gmt":"2023-06-02T05:33:32","slug":"home","status":"publish","type":"page","link":"https:\/\/www.neutor-express.com\/en\/","title":{"rendered":"Home"},"content":{"rendered":"<p>[vc_row css=&#8221;.vc_custom_1612877388254{margin-top: 0px !important;margin-bottom: 0px !important;border-top-width: 0px !important;border-bottom-width: 0px !important;padding-top: 0px !important;padding-bottom: 0px !important;}&#8221;][vc_column][vc_column_text][\/vc_column_text][\/vc_column][\/vc_row][vc_row full_width=&#8221;stretch_row&#8221; css=&#8221;.vc_custom_1505730806906{padding-top: 30px !important;padding-right: 50px !important;padding-bottom: 30px !important;padding-left: 50px !important;background-color: #f0f1f2 !important;}&#8221; el_id=&#8221;BookingForm&#8221; el_class=&#8221;BookingForm&#8221;][vc_column css=&#8221;.vc_custom_1492161014616{background-color: #f0f1f2 !important;}&#8221;][adoppelt_ninja form=&#8221;4&#8243; form_style=&#8221;horizontal&#8221; form_fields_4=&#8221;44,51,43,50&#8243; css=&#8221;.vc_custom_1492161033561{background-color: #f0f1f2 !important;}&#8221;][\/vc_column][\/vc_row][vc_row][vc_column][vc_column_text]<\/p>\n<h2 style=\"text-align: center;\"><small><br \/>\n<\/small>Wir sind Zentrum!<\/h2>\n<p>[\/vc_column_text][\/vc_column][\/vc_row][vc_row full_width=&#8221;stretch_row&#8221; full_height=&#8221;yes&#8221; parallax_layers=&#8221;yes&#8221; style_images=&#8221;yes&#8221; parallax_offset=&#8221;150&#8243; layer_1=&#8221;773&#8243; layer_1_vertical=&#8221;top: 80%&#8221; layer_1_horizontal=&#8221;left: 17%&#8221; layer_1_ratio=&#8221;1.25123&#8243; layer_1_z=&#8221;1&#8243; layer_2=&#8221;772&#8243; layer_2_vertical=&#8221;top: 25%&#8221; layer_2_horizontal=&#8221;left: 19%&#8221; layer_2_ratio=&#8221;0.2&#8243; css=&#8221;.vc_custom_1505917022221{background-image: url(https:\/\/www.neutor-express.com\/wp-content\/uploads\/2017\/04\/ParallaxBackground-3.png?id=151) !important;background-position: center !important;background-repeat: no-repeat !important;background-size: cover !important;}&#8221; layer_3=&#8221;774&#8243; layer_3_vertical=&#8221;top: 40%&#8221; layer_3_horizontal=&#8221;left: 10%&#8221; layer_3_ratio=&#8221;1.25123&#8243;][vc_column width=&#8221;2\/3&#8243;][\/vc_column][vc_column width=&#8221;1\/3&#8243;][vc_column_text]<\/p>\n<h1>unabh\u00e4ngig, zentral und g\u00fcnstig\u2026<\/h1>\n<p style=\"font-size: medium;\">&#8230;und das nur f\u00fcnf Gehminuten von der Salzburger Altstadt entfernt. Das Hotel Neutor Express ist das perfekte Hotel f\u00fcr St\u00e4dtetrips mit kleinem B\u00f6rserl. Ob nur das Zimmer oder verbunden mit einem leckeren Fr\u00fchst\u00fccksbuffet im Caf\u00e9 dein.treff in unserem Schwesterhotel Neutor auf der anderen Stra\u00dfenseite. St\u00e4rke dich f\u00fcr den Tag, der voller kulturellen oder sportlichen \u00dcberraschungen steckt.<\/p>\n<p>[\/vc_column_text][vc_column_text]<\/p>\n<p style=\"font-size: medium;\">Dank 24-Stunden-Check-in ist deine Anreise zu jeder Tages- und Nachtzeit m\u00f6glich. Vom Hotel Neutor Express aus erreichst du eine Vielzahl an kulturellen Veranstaltungen, wie den Adventmarkt und die Festspiele mit \u201eJedermann\u201c. Au\u00dferdem liegt die Salzburger Altstadt bei uns direkt um die Ecke. Das Hotel Neutor Express bietet eine zentrale Lage, gut zu einem grandiosen Preis.<\/p>\n<p>[\/vc_column_text][\/vc_column][\/vc_row][vc_row css=&#8221;.vc_custom_1504683541219{padding-top: 0px !important;padding-bottom: 0px !important;}&#8221;][vc_column][vc_raw_html]JTNDc2NyaXB0JTNFJTBBJTIwJTIwJTIwJTIwalF1ZXJ5JTI4ZG9jdW1lbnQlMjkucmVhZHklMjhmdW5jdGlvbiUyOCUyOSUyMCU3QiUwQSUyMCUyMCUyMCUyMCUyMCUyMCUyMCUyMGpRdWVyeSUyOCUyMi5zbGlkZXJUZXh0JTIwYS5ib29rX25vdyUyMiUyOS5jbGljayUyOGZ1bmN0aW9uJTI4ZiUyOSUyMCU3QiUwQSUyMCUyMCUyMCUyMCUyMCUyMCUyMCUyMCUyMCUyMCUyMCUyMGYucHJldmVudERlZmF1bHQlMjglMjklM0IlMEElMjAlMjAlMjAlMjAlMjAlMjAlMjAlMjAlMjAlMjAlMjAlMjB3YmVPcGVuUGFja2FnZSUyODEzNTklMjklM0IlMEElMjAlMjAlMjAlMjAlMjAlMjAlMjAlMjAlN0QlMjklM0IlMEElMjAlMjAlMjAlMjAlMjAlMjAlMjAlMjBqUXVlcnklMjglMjIucGFja2FnZTEzNTMlMjBhLmJvb2tfbm93JTIyJTI5LmNsaWNrJTI4ZnVuY3Rpb24lMjhmJTI5JTIwJTdCJTBBJTIwJTIwJTIwJTIwJTIwJTIwJTIwJTIwJTIwJTIwJTIwJTIwZi5wcmV2ZW50RGVmYXVsdCUyOCUyOSUzQiUwQSUyMCUyMCUyMCUyMCUyMCUyMCUyMCUyMCUyMCUyMCUyMCUyMHdiZU9wZW5QYWNrYWdlJTI4MTM1MyUyOSUzQiUwQSUyMCUyMCUyMCUyMCUyMCUyMCUyMCUyMCU3RCUyOSUzQiUwQSUyMCUyMCUyMCUyMCUyMCUyMCUyMCUyMGpRdWVyeSUyOCUyMi5wYWNrYWdlMTI3MiUyMGEuYm9va19ub3clMjIlMjkuY2xpY2slMjhmdW5jdGlvbiUyOGYlMjklMjAlN0IlMEElMjAlMjAlMjAlMjAlMjAlMjAlMjAlMjAlMjAlMjAlMjAlMjBmLnByZXZlbnREZWZhdWx0JTI4JTI5JTNCJTBBJTIwJTIwJTIwJTIwJTIwJTIwJTIwJTIwJTIwJTIwJTIwJTIwd2JlT3BlblBhY2thZ2UlMjgxMjcyJTI5JTNCJTBBJTIwJTIwJTIwJTIwJTIwJTIwJTIwJTIwJTdEJTI5JTNCJTBBJTIwJTIwJTIwJTIwJTIwJTIwJTIwJTIwalF1ZXJ5JTI4JTIyLnBhY2thZ2UxMzI5JTIwYS5ib29rX25vdyUyMiUyOS5jbGljayUyOGZ1bmN0aW9uJTI4ZiUyOSUyMCU3QiUwQSUyMCUyMCUyMCUyMCUyMCUyMCUyMCUyMCUyMCUyMCUyMCUyMGYucHJldmVudERlZmF1bHQlMjglMjklM0IlMEElMjAlMjAlMjAlMjAlMjAlMjAlMjAlMjAlMjAlMjAlMjAlMjB3YmVPcGVuUGFja2FnZSUyODEzMjklMjklM0IlMEElMjAlMjAlMjAlMjAlMjAlMjAlMjAlMjAlN0QlMjklM0IlMEElMjAlMjAlMjAlMjAlMjAlMjAlMjAlMjBqUXVlcnklMjglMjIucGFja2FnZTEzMjclMjBhLmJvb2tfbm93JTIyJTI5LmNsaWNrJTI4ZnVuY3Rpb24lMjhmJTI5JTIwJTdCJTBBJTIwJTIwJTIwJTIwJTIwJTIwJTIwJTIwJTIwJTIwJTIwJTIwZi5wcmV2ZW50RGVmYXVsdCUyOCUyOSUzQiUwQSUyMCUyMCUyMCUyMCUyMCUyMCUyMCUyMCUyMCUyMCUyMCUyMHdiZU9wZW5QYWNrYWdlJTI4MTMyNyUyOSUzQiUwQSUyMCUyMCUyMCUyMCUyMCUyMCUyMCUyMCU3RCUyOSUzQiUwQSUyMCUyMCUyMCUyMCUyMCUyMCUyMCUyMGpRdWVyeSUyOCUyMi5wYWNrYWdlMTMyNiUyMGEuYm9va19ub3clMjIlMjkuY2xpY2slMjhmdW5jdGlvbiUyOGYlMjklMjAlN0IlMEElMjAlMjAlMjAlMjAlMjAlMjAlMjAlMjAlMjAlMjAlMjAlMjBmLnByZXZlbnREZWZhdWx0JTI4JTI5JTNCJTBBJTIwJTIwJTIwJTIwJTIwJTIwJTIwJTIwJTIwJTIwJTIwJTIwd2JlT3BlblBhY2thZ2UlMjgxMzI2JTI5JTNCJTBBJTIwJTIwJTIwJTIwJTIwJTIwJTIwJTIwJTdEJTI5JTNCJTBBJTIwJTIwJTIwJTIwJTIwJTIwJTIwJTIwalF1ZXJ5JTI4JTIyLnBhY2thZ2UxMzI4JTIwYS5ib29rX25vdyUyMiUyOS5jbGljayUyOGZ1bmN0aW9uJTI4ZiUyOSUyMCU3QiUwQSUyMCUyMCUyMCUyMCUyMCUyMCUyMCUyMCUyMCUyMCUyMCUyMGYucHJldmVudERlZmF1bHQlMjglMjklM0IlMEElMjAlMjAlMjAlMjAlMjAlMjAlMjAlMjAlMjAlMjAlMjAlMjB3YmVPcGVuUGFja2FnZSUyODEzMjglMjklM0IlMEElMjAlMjAlMjAlMjAlMjAlMjAlMjAlMjAlN0QlMjklM0IlMEElMjAlMjAlMjAlMjAlN0QlMjklM0IlMEElM0MlMkZzY3JpcHQlM0UlMEElM0NzY3JpcHQlM0UlMEFqUXVlcnklMjh3aW5kb3clMjkubG9hZCUyOGZ1bmN0aW9uJTI4JTI5JTIwJTdCJTBBc2V0VGltZW91dCUyOGZ1bmN0aW9uJTI4JTI5JTdCJTBBJTBBalF1ZXJ5JTI4JTIyLnNlcnZpY2VzLWNhcm91c2VsJTIwLm93bC1pdGVtJTIyJTI5LmVhY2glMjhmdW5jdGlvbiUyOCUyOSUyMCU3QiUwQWpRdWVyeSUyOHRoaXMlMjkuZmluZCUyOCUyN2g0LndiZV9wYWNrYWdlSW5mbyUyNyUyOS5hZGRDbGFzcyUyOCUyMnglMjIlMjklM0IlMEFpZiUyMCUyOGpRdWVyeSUyOHRoaXMlMjkuZmluZCUyOCUyN2g0LndiZV9wYWNrYWdlSW5mbyUyNyUyOS5pcyUyOCUyNyUzQWVtcHR5JTI3JTI5JTI5JTIwJTdCJTBBalF1ZXJ5JTI4dGhpcyUyOS5hZGRDbGFzcyUyOCUyMnglMjIlMjkuaGlkZSUyOCUyOSUzQiUwQSU3RCUwQSUwQSU3RCUyQyUyMDMwMDAlMjklM0IlMEElMEElN0QlMjklM0IlMEElN0QlMjklM0IlMEElM0MlMkZzY3JpcHQlM0U=[\/vc_raw_html][\/vc_column][\/vc_row][vc_row css=&#8221;.vc_custom_1504683405876{padding-top: 0px !important;padding-bottom: 0px !important;}&#8221;][vc_column][vc_column_text][\/vc_column_text][vc_column_text][\/vc_column_text][\/vc_column][\/vc_row][vc_row css=&#8221;.vc_custom_1612877400611{margin-top: 0px !important;margin-bottom: 0px !important;border-top-width: 0px !important;border-bottom-width: 0px !important;padding-top: 0px !important;padding-bottom: 0px !important;}&#8221;][vc_column][vc_column_text][\/vc_column_text][\/vc_column][\/vc_row]<\/p>\n","protected":false},"excerpt":{"rendered":"<p>[vc_row css=&#8221;.vc_custom_1612877388254{margin-top: 0px !important;margin-bottom: 0px !important;border-top-width: 0px !important;border-bottom-width: 0px !important;padding-top: 0px !important;padding-bottom: 0px !important;}&#8221;][vc_column][vc_column_text][\/vc_column_text][\/vc_column][\/vc_row][vc_row full_width=&#8221;stretch_row&#8221; css=&#8221;.vc_custom_1505730806906{padding-top: 30px !important;padding-right: 50px !important;padding-bottom: [&hellip;]<\/p>\n","protected":false},"author":1,"featured_media":0,"parent":0,"menu_order":0,"comment_status":"closed","ping_status":"closed","template":"","meta":[],"yoast_head":"<!-- This site is optimized with the Yoast SEO plugin v19.6.1 - https:\/\/yoast.com\/wordpress\/plugins\/seo\/ -->\n<title>Home - Hotel Neutor Express<\/title>\n<meta name=\"robots\" content=\"index, follow, max-snippet:-1, max-image-preview:large, max-video-preview:-1\" \/>\n<link rel=\"canonical\" href=\"https:\/\/www.neutor-express.com\/\" \/>\n<meta property=\"og:locale\" content=\"en_US\" \/>\n<meta property=\"og:type\" content=\"article\" \/>\n<meta property=\"og:title\" content=\"Home - Hotel Neutor Express\" \/>\n<meta property=\"og:description\" content=\"[vc_row css=&#8221;.vc_custom_1612877388254{margin-top: 0px !important;margin-bottom: 0px !important;border-top-width: 0px !important;border-bottom-width: 0px !important;padding-top: 0px !important;padding-bottom: 0px !important;}&#8221;][vc_column][vc_column_text][\/vc_column_text][\/vc_column][\/vc_row][vc_row full_width=&#8221;stretch_row&#8221; css=&#8221;.vc_custom_1505730806906{padding-top: 30px !important;padding-right: 50px !important;padding-bottom: [&hellip;]\" \/>\n<meta property=\"og:url\" content=\"https:\/\/www.neutor-express.com\/\" \/>\n<meta property=\"og:site_name\" content=\"Hotel Neutor Express\" \/>\n<meta property=\"article:modified_time\" content=\"2023-06-02T05:33:32+00:00\" \/>\n<meta name=\"twitter:card\" content=\"summary\" \/>\n<meta name=\"twitter:label1\" content=\"Est. reading time\" \/>\n\t<meta name=\"twitter:data1\" content=\"3 minutes\" \/>\n<script type=\"application\/ld+json\" class=\"yoast-schema-graph\">{\"@context\":\"https:\/\/schema.org\",\"@graph\":[{\"@type\":\"WebPage\",\"@id\":\"https:\/\/www.neutor-express.com\/\",\"url\":\"https:\/\/www.neutor-express.com\/\",\"name\":\"Home - Hotel Neutor Express\",\"isPartOf\":{\"@id\":\"https:\/\/www.neutor-express.com\/#website\"},\"datePublished\":\"2017-04-10T11:43:51+00:00\",\"dateModified\":\"2023-06-02T05:33:32+00:00\",\"breadcrumb\":{\"@id\":\"https:\/\/www.neutor-express.com\/#breadcrumb\"},\"inLanguage\":\"en-US\",\"potentialAction\":[{\"@type\":\"ReadAction\",\"target\":[\"https:\/\/www.neutor-express.com\/\"]}]},{\"@type\":\"BreadcrumbList\",\"@id\":\"https:\/\/www.neutor-express.com\/#breadcrumb\",\"itemListElement\":[{\"@type\":\"ListItem\",\"position\":1,\"name\":\"Startseite\",\"item\":\"https:\/\/www.neutor-express.com\/\"},{\"@type\":\"ListItem\",\"position\":2,\"name\":\"Home\"}]},{\"@type\":\"WebSite\",\"@id\":\"https:\/\/www.neutor-express.com\/#website\",\"url\":\"https:\/\/www.neutor-express.com\/\",\"name\":\"Hotel Neutor Express\",\"description\":\"\",\"potentialAction\":[{\"@type\":\"SearchAction\",\"target\":{\"@type\":\"EntryPoint\",\"urlTemplate\":\"https:\/\/www.neutor-express.com\/?s={search_term_string}\"},\"query-input\":\"required name=search_term_string\"}],\"inLanguage\":\"en-US\"}]}<\/script>\n<!-- \/ Yoast SEO plugin. -->","yoast_head_json":{"title":"Home - Hotel Neutor Express","robots":{"index":"index","follow":"follow","max-snippet":"max-snippet:-1","max-image-preview":"max-image-preview:large","max-video-preview":"max-video-preview:-1"},"canonical":"https:\/\/www.neutor-express.com\/","og_locale":"en_US","og_type":"article","og_title":"Home - Hotel Neutor Express","og_description":"[vc_row css=&#8221;.vc_custom_1612877388254{margin-top: 0px !important;margin-bottom: 0px !important;border-top-width: 0px !important;border-bottom-width: 0px !important;padding-top: 0px !important;padding-bottom: 0px !important;}&#8221;][vc_column][vc_column_text][\/vc_column_text][\/vc_column][\/vc_row][vc_row full_width=&#8221;stretch_row&#8221; css=&#8221;.vc_custom_1505730806906{padding-top: 30px !important;padding-right: 50px !important;padding-bottom: [&hellip;]","og_url":"https:\/\/www.neutor-express.com\/","og_site_name":"Hotel Neutor Express","article_modified_time":"2023-06-02T05:33:32+00:00","twitter_card":"summary","twitter_misc":{"Est. reading time":"3 minutes"},"schema":{"@context":"https:\/\/schema.org","@graph":[{"@type":"WebPage","@id":"https:\/\/www.neutor-express.com\/","url":"https:\/\/www.neutor-express.com\/","name":"Home - Hotel Neutor Express","isPartOf":{"@id":"https:\/\/www.neutor-express.com\/#website"},"datePublished":"2017-04-10T11:43:51+00:00","dateModified":"2023-06-02T05:33:32+00:00","breadcrumb":{"@id":"https:\/\/www.neutor-express.com\/#breadcrumb"},"inLanguage":"en-US","potentialAction":[{"@type":"ReadAction","target":["https:\/\/www.neutor-express.com\/"]}]},{"@type":"BreadcrumbList","@id":"https:\/\/www.neutor-express.com\/#breadcrumb","itemListElement":[{"@type":"ListItem","position":1,"name":"Startseite","item":"https:\/\/www.neutor-express.com\/"},{"@type":"ListItem","position":2,"name":"Home"}]},{"@type":"WebSite","@id":"https:\/\/www.neutor-express.com\/#website","url":"https:\/\/www.neutor-express.com\/","name":"Hotel Neutor Express","description":"","potentialAction":[{"@type":"SearchAction","target":{"@type":"EntryPoint","urlTemplate":"https:\/\/www.neutor-express.com\/?s={search_term_string}"},"query-input":"required name=search_term_string"}],"inLanguage":"en-US"}]}},"_links":{"self":[{"href":"https:\/\/www.neutor-express.com\/en\/wp-json\/wp\/v2\/pages\/29"}],"collection":[{"href":"https:\/\/www.neutor-express.com\/en\/wp-json\/wp\/v2\/pages"}],"about":[{"href":"https:\/\/www.neutor-express.com\/en\/wp-json\/wp\/v2\/types\/page"}],"author":[{"embeddable":true,"href":"https:\/\/www.neutor-express.com\/en\/wp-json\/wp\/v2\/users\/1"}],"replies":[{"embeddable":true,"href":"https:\/\/www.neutor-express.com\/en\/wp-json\/wp\/v2\/comments?post=29"}],"version-history":[{"count":367,"href":"https:\/\/www.neutor-express.com\/en\/wp-json\/wp\/v2\/pages\/29\/revisions"}],"predecessor-version":[{"id":1211,"href":"https:\/\/www.neutor-express.com\/en\/wp-json\/wp\/v2\/pages\/29\/revisions\/1211"}],"wp:attachment":[{"href":"https:\/\/www.neutor-express.com\/en\/wp-json\/wp\/v2\/media?parent=29"}],"curies":[{"name":"wp","href":"https:\/\/api.w.org\/{rel}","templated":true}]}}